{"id":2494,"date":"2023-07-26T13:46:08","date_gmt":"2023-07-26T13:46:08","guid":{"rendered":"https:\/\/portoregion.com\/politica-de-privacidad\/"},"modified":"2024-02-22T17:47:27","modified_gmt":"2024-02-22T17:47:27","slug":"politica-privacidad","status":"publish","type":"page","link":"https:\/\/portoregion.com\/es\/politica-privacidad\/","title":{"rendered":"Pol\u00edtica de privacidad"},"content":{"rendered":"&#13;\n<h2 class=\"wp-block-heading\">Pol\u00edtica de privacidad<\/h2>&#13;\n&#13;\n<p>Esta pol\u00edtica de privacidad y protecci\u00f3n de datos cubre el sitio web de la Porto Region &#8211; <a href=\"https:\/\/portoregion.com\/es\/\" target=\"_blank\" rel=\"noopener\">https:\/\/portoregion.com\/<\/a><\/p>&#13;\n<p>La entidad responsable del tratamiento de sus datos personales y de la gesti\u00f3n del sitio web de la Porto Region &#8211; <a href=\"https:\/\/portoregion.com\/es\/\" target=\"_blank\" rel=\"noopener\">https:\/\/portoregion.com\/<\/a> es AMP &#8211; \u00c1rea Metropolitana do Porto (en adelante AMP), n\u00famero de identificaci\u00f3n fiscal 502 823 305, con sede en Pal\u00e1cio dos Correios &#8211; Rua do Est\u00eav\u00e3o, 21, 4000 &#8211; 200 Porto.<\/p>&#13;\n<p>AMP cumple con la legislaci\u00f3n aplicable en materia de protecci\u00f3n de datos personales, en particular el Reglamento General de Protecci\u00f3n de Datos &#8211; RGPD &#8211; aprobado por el Reglamento (UE) 2016\/679 de 27 de abril de 2016.<\/p>&#13;\n<p>Los datos no se procesan para fines distintos de los aqu\u00ed especificados.<\/p>&#13;\n<p>Nos reservamos el derecho a actualizar o modificar esta pol\u00edtica de privacidad sin previo aviso para adaptarla a los cambios de la legislaci\u00f3n, por lo que le recomendamos que la visite peri\u00f3dicamente.<\/p>&#13;\n<p>Se considera que los usuarios conocen esta pol\u00edtica cuando navegan por el sitio web: https:\/\/portoregion.com\/<\/p>&#13;\n<p>Bas\u00e1ndose en los principios de protecci\u00f3n de datos personales definidos por el GDPR, la Regi\u00f3n de Oporto se compromete a:<br\/>&#8211; Licitud: tratamiento de datos personales con fines espec\u00edficos y sobre la base de la licitud;<br\/>&#8211; Lealtad y transparencia: informar a los usuarios sobre la pol\u00edtica de privacidad de Porto Region, los datos tratados y su finalidad, los plazos de conservaci\u00f3n de sus datos, los terceros que tratan los datos y sus derechos en relaci\u00f3n con la protecci\u00f3n de sus datos;<br\/>&#8211; Limitaci\u00f3n de la finalidad: solicitar datos personales s\u00f3lo para fines espec\u00edficos, expl\u00edcitos y leg\u00edtimos;<br\/>&#8211; Minimizaci\u00f3n de datos: recogida y tratamiento \u00fanicamente de los datos personales adecuados, pertinentes y necesarios para los fines respectivos;<br\/>&#8211; Exactitud: garantizar mecanismos adecuados para la calidad y correcci\u00f3n de los datos personales;<br\/>&#8211; Limitaci\u00f3n del almacenamiento: no almacene datos personales durante m\u00e1s tiempo del necesario para los fines para los que se tratan;<br\/>&#8211; Protecci\u00f3n de datos: aplicar mecanismos adecuados para garantizar la confidencialidad e integridad de los datos personales que tratamos;<br\/>&#8211; Derechos de los interesados: los interesados tienen derecho a acceder a sus datos, a rectificarlos, a retirar el consentimiento previamente otorgado, a la portabilidad de los datos y a presentar una reclamaci\u00f3n ante la Comisi\u00f3n Nacional de Protecci\u00f3n de Datos.<br\/><br\/><strong>Recogida de datos:<\/strong><br\/>Como usuario\/visitante del sitio web, no necesita facilitar ning\u00fan dato personal para su uso.<\/p>&#13;\n<p>Recogida directa: Los datos personales de los usuarios se recogen (Nombre y Email) \u00fanicamente cuando se realiza una solicitud de informaci\u00f3n de contacto, de forma que sea posible responder a la aclaraci\u00f3n solicitada.<\/p>&#13;\n<p>Recogida indirecta: A trav\u00e9s de Google Analytics se monitoriza informaci\u00f3n estad\u00edstica sobre el uso de datos agregados: procedencia geogr\u00e1fica (ciudad, pa\u00eds), tipo de dispositivo, sistema operativo, navegador, operador y accesos. El uso de estos datos no contiene informaci\u00f3n personal identificable o privada.<\/p>&#13;\n<p><strong>Almacenamiento de datos:<\/strong><br\/>Todos los datos relativos a este sitio web se almacenan en servidores situados en Portugal. Estos servidores est\u00e1n protegidos y se mantienen de acuerdo con las normas de seguridad para respetar la legislaci\u00f3n aplicable en materia de privacidad.<\/p>&#13;\n<p><strong>Enlaces a p\u00e1ginas web externas:<\/strong><br\/>Existen enlaces a p\u00e1ginas web de terceros que pueden ser de inter\u00e9s para el usuario, no siendo este sitio web responsable de la forma en que estas organizaciones tratan la privacidad y la protecci\u00f3n de datos.<\/p>&#13;\n","protected":false},"excerpt":{"rendered":"<p>&#13; Pol\u00edtica de privacidad &#13; &#13; Esta pol\u00edtica de privacidad y protecci\u00f3n de datos cubre el sitio web de la Porto Region &#8211; https:\/\/portoregion.com\/ &#13; La entidad responsable del tratamiento&#8230;<\/p>\n","protected":false},"author":1,"featured_media":0,"parent":0,"menu_order":0,"comment_status":"closed","ping_status":"closed","template":"","meta":{"inline_featured_image":false,"footnotes":""},"class_list":["post-2494","page","type-page","status-publish"],"_links":{"self":[{"href":"https:\/\/portoregion.com\/es\/wp-json\/wp\/v2\/pages\/2494","targetHints":{"allow":["GET"]}}],"collection":[{"href":"https:\/\/portoregion.com\/es\/wp-json\/wp\/v2\/pages"}],"about":[{"href":"https:\/\/portoregion.com\/es\/wp-json\/wp\/v2\/types\/page"}],"author":[{"embeddable":true,"href":"https:\/\/portoregion.com\/es\/wp-json\/wp\/v2\/users\/1"}],"replies":[{"embeddable":true,"href":"https:\/\/portoregion.com\/es\/wp-json\/wp\/v2\/comments?post=2494"}],"version-history":[{"count":10,"href":"https:\/\/portoregion.com\/es\/wp-json\/wp\/v2\/pages\/2494\/revisions"}],"predecessor-version":[{"id":3011,"href":"https:\/\/portoregion.com\/es\/wp-json\/wp\/v2\/pages\/2494\/revisions\/3011"}],"wp:attachment":[{"href":"https:\/\/portoregion.com\/es\/wp-json\/wp\/v2\/media?parent=2494"}],"curies":[{"name":"wp","href":"https:\/\/api.w.org\/{rel}","templated":true}]}}