{"id":2528,"date":"2024-02-01T15:59:47","date_gmt":"2024-02-01T15:59:47","guid":{"rendered":"https:\/\/portoregion.com\/politica-de-cookies\/"},"modified":"2024-02-22T17:53:45","modified_gmt":"2024-02-22T17:53:45","slug":"politica-de-cookies","status":"publish","type":"page","link":"https:\/\/portoregion.com\/es\/politica-de-cookies\/","title":{"rendered":"Pol\u00edtica de cookies"},"content":{"rendered":"&#13;\n<h2 class=\"wp-block-heading\">Pol\u00edtica de cookies<\/h2>&#13;\n&#13;\n<p><strong>\u00bfQu\u00e9 son las cookies?<\/strong><br\/>Las cookies son peque\u00f1os archivos de texto que contienen informaci\u00f3n relevante y que se almacenan en su ordenador cuando visita determinados sitios web. Permiten una navegaci\u00f3n m\u00e1s r\u00e1pida y eficaz cuando se utilizan posteriormente.<br\/><br\/>Este sitio web utiliza cookies con funciones espec\u00edficas para mejorar y supervisar la experiencia del usuario, y pueden almacenarse hasta 30 d\u00edas, dependiendo de la funci\u00f3n a la que est\u00e9n destinadas.<br\/>Cookies utilizadas:<br\/>&#8211; Cookies Necesarias;<br\/>&#8211; Cookies Anal\u00edticas;<\/p>&#13;\n<p>AMP no tiene control alguno sobre la creaci\u00f3n de cookies utilizadas por proveedores de contenidos que puedan insertarse o compartirse en el sitio web.<\/p>&#13;\n<p>Puede bloquear la creaci\u00f3n de cookies a trav\u00e9s de la configuraci\u00f3n de su navegador. Sin embargo, si bloquea todas las cookies, es posible que no pueda acceder a algunas funciones del sitio web de la Porto Region.<\/p>&#13;\n<p><strong>Tipos de cookies y su finalidad<\/strong><br\/><strong>a) Cookies necesarias<\/strong><br\/>Las cookies necesarias deben estar siempre activas para guardar las preferencias del usuario en cuanto a la configuraci\u00f3n de las cookies. Ayudan a que el sitio web sea utilizable, permitiendo ajustes y funciones b\u00e1sicas en la navegaci\u00f3n por las p\u00e1ginas y el acceso a zonas seguras.<br\/>Sin estas cookies, es posible que el sitio web no funcione correctamente.<br\/>Si desactiva esta cookie, no podr\u00e1 guardar las preferencias y, cuando vuelva a visitar este sitio web, tendr\u00e1 que volver a activar las cookies.<br\/><br\/><strong>b) Cookies de preferencias o personalizaci\u00f3n<\/strong><br\/>Se trata de peque\u00f1os archivos de texto que se almacenan en el navegador web del usuario cuando visita un determinado sitio web. Estas cookies se utilizan para almacenar preferencias y ajustes espec\u00edficos del usuario, como el idioma, el dise\u00f1o de la p\u00e1gina, el tama\u00f1o de letra, las preferencias tem\u00e1ticas, etc.<br\/><br\/><strong>c) Cookies anal\u00edticas<\/strong><br\/>Las cookies anal\u00edticas ayudan a supervisar las experiencias de los usuarios en relaci\u00f3n con el uso de datos agregados del sitio web. Se utilizan con fines de an\u00e1lisis estad\u00edstico con Google Analytics, sin recoger nunca informaci\u00f3n personal o privada.<br\/>Mantener esta cookie activa ayuda a mejorar el sitio web.<br\/><br\/><strong>d) Cookies de publicidad comportamental<\/strong><br\/>Se utiliza para almacenar informaci\u00f3n sobre el comportamiento de los usuarios obtenida mediante la observaci\u00f3n continua de sus h\u00e1bitos de navegaci\u00f3n, lo que permite elaborar un perfil espec\u00edfico para mostrar publicidad basada en \u00e9l.<br\/><br\/><strong>e) Cookies de seguridad<\/strong><br\/>Cookies dise\u00f1adas para proteger los datos del usuario y garantizar la seguridad durante la navegaci\u00f3n por Internet y la interacci\u00f3n con los sitios web. Desempe\u00f1an un papel importante en la prevenci\u00f3n de actividades maliciosas como ataques de phishing, robo de identidad y acceso no autorizado a cuentas en l\u00ednea.<br\/><br\/><strong>Servicios web externos<\/strong><br\/>El sitio web de la Porto Region puede utilizar servicios web externos para mostrar determinados contenidos dentro del sitio web, por ejemplo, im\u00e1genes, v\u00eddeos u otros sitios web de informaci\u00f3n tur\u00edstica. Sin embargo, AMP no puede impedir que sitios web o dominios externos recopilen informaci\u00f3n sobre el uso de este contenido incrustado.<br\/><br\/><strong>Cookies utilizadas en el sitio web de la Porto Region<\/strong><\/p>&#13;\n<table style=\"height: 594px;\" width=\"721\">&#13;\n<tbody>&#13;\n<tr>&#13;\n<td width=\"142\">&#13;\n<p><strong>Nombre de la cookie<\/strong><\/p>&#13;\n<\/td>&#13;\n<td width=\"242\">&#13;\n<p><strong>Funcionalidad<\/strong><\/p>&#13;\n<\/td>&#13;\n<td width=\"95\">&#13;\n<p><strong>Tipo<\/strong><\/p>&#13;\n<\/td>&#13;\n<td width=\"89\">&#13;\n<p><strong>Duraci\u00f3n<\/strong><\/p>&#13;\n<\/td>&#13;\n<\/tr>&#13;\n<tr>&#13;\n<td width=\"142\">&#13;\n<p style=\"text-align: center;\">PHPSESSID<\/p>&#13;\n<\/td>&#13;\n<td width=\"242\">&#13;\n<p>Contiene el identificador de sesi\u00f3n<\/p>&#13;\n<\/td>&#13;\n<td width=\"95\">&#13;\n<p>Esencial<\/p>&#13;\n<\/td>&#13;\n<td width=\"89\">&#13;\n<p>Al cerrar el navegador (cookie de sesi\u00f3n)<\/p>&#13;\n<\/td>&#13;\n<\/tr>&#13;\n<tr>&#13;\n<td width=\"142\">&#13;\n<p style=\"text-align: center;\">consentCookie<\/p>&#13;\n<\/td>&#13;\n<td width=\"242\">&#13;\n<p>Permite guardar las elecciones del usuario en la \u00abConfiguraci\u00f3n de cookies\u00bb<\/p>&#13;\n<\/td>&#13;\n<td width=\"95\">&#13;\n<p>Esencial<\/p>&#13;\n<\/td>&#13;\n<td width=\"89\">&#13;\n<p>1 a\u00f1o<\/p>&#13;\n<\/td>&#13;\n<\/tr>&#13;\n<tr>&#13;\n<td width=\"142\">&#13;\n<p style=\"text-align: center;\">_ga<\/p>&#13;\n<p style=\"text-align: center;\">(google analytics)<\/p>&#13;\n<\/td>&#13;\n<td rowspan=\"3\" width=\"242\">&#13;\n<p>Recopilar informaci\u00f3n sobre el uso del sitio web. Esta informaci\u00f3n se recoge de forma an\u00f3nima y se utiliza para crear informes de visitas con vistas a mejorar sus funcionalidades.<\/p>&#13;\n<\/td>&#13;\n<td width=\"95\">&#13;\n<p>Anal\u00edtica<\/p>&#13;\n<\/td>&#13;\n<td width=\"89\">&#13;\n<p>2 a\u00f1os<\/p>&#13;\n<\/td>&#13;\n<\/tr>&#13;\n<tr>&#13;\n<td width=\"142\">&#13;\n<p style=\"text-align: center;\">_gat<\/p>&#13;\n<p style=\"text-align: center;\">(google analytics)<\/p>&#13;\n<\/td>&#13;\n<td width=\"95\">&#13;\n<p>Anal\u00edtica<\/p>&#13;\n<\/td>&#13;\n<td width=\"89\">&#13;\n<p>1 d\u00eda<\/p>&#13;\n<\/td>&#13;\n<\/tr>&#13;\n<tr>&#13;\n<td width=\"142\">&#13;\n<p style=\"text-align: center;\">_gid<\/p>&#13;\n<p style=\"text-align: center;\">(google analytics)<\/p>&#13;\n<\/td>&#13;\n<td width=\"95\">&#13;\n<p>Anal\u00edtica<\/p>&#13;\n<\/td>&#13;\n<td width=\"89\">&#13;\n<p>24 horas<\/p>&#13;\n<\/td>&#13;\n<\/tr>&#13;\n<\/tbody>&#13;\n<\/table>&#13;\n","protected":false},"excerpt":{"rendered":"<p>&#13; Pol\u00edtica de cookies &#13; &#13; \u00bfQu\u00e9 son las cookies?Las cookies son peque\u00f1os archivos de texto que contienen informaci\u00f3n relevante y que se almacenan en su ordenador cuando visita determinados&#8230;<\/p>\n","protected":false},"author":1,"featured_media":0,"parent":0,"menu_order":0,"comment_status":"closed","ping_status":"closed","template":"","meta":{"inline_featured_image":false,"footnotes":""},"class_list":["post-2528","page","type-page","status-publish"],"_links":{"self":[{"href":"https:\/\/portoregion.com\/es\/wp-json\/wp\/v2\/pages\/2528","targetHints":{"allow":["GET"]}}],"collection":[{"href":"https:\/\/portoregion.com\/es\/wp-json\/wp\/v2\/pages"}],"about":[{"href":"https:\/\/portoregion.com\/es\/wp-json\/wp\/v2\/types\/page"}],"author":[{"embeddable":true,"href":"https:\/\/portoregion.com\/es\/wp-json\/wp\/v2\/users\/1"}],"replies":[{"embeddable":true,"href":"https:\/\/portoregion.com\/es\/wp-json\/wp\/v2\/comments?post=2528"}],"version-history":[{"count":7,"href":"https:\/\/portoregion.com\/es\/wp-json\/wp\/v2\/pages\/2528\/revisions"}],"predecessor-version":[{"id":3019,"href":"https:\/\/portoregion.com\/es\/wp-json\/wp\/v2\/pages\/2528\/revisions\/3019"}],"wp:attachment":[{"href":"https:\/\/portoregion.com\/es\/wp-json\/wp\/v2\/media?parent=2528"}],"curies":[{"name":"wp","href":"https:\/\/api.w.org\/{rel}","templated":true}]}}