{"id":2489,"date":"2023-07-26T13:46:08","date_gmt":"2023-07-26T13:46:08","guid":{"rendered":"https:\/\/portoregion.com\/politique-de-confidentialite\/"},"modified":"2024-02-22T17:46:11","modified_gmt":"2024-02-22T17:46:11","slug":"politique-confidentialite","status":"publish","type":"page","link":"https:\/\/portoregion.com\/fr\/politique-confidentialite\/","title":{"rendered":"Politique de confidentialit\u00e9"},"content":{"rendered":"&#13;\n<h2 class=\"wp-block-heading\">Politique de confidentialit\u00e9<\/h2>&#13;\n&#13;\n<p>Cette politique de confidentialit\u00e9 et de protection des donn\u00e9es couvre le site web de la Porto Region &#8211; <a href=\"https:\/\/portoregion.com\/fr\/\" target=\"_blank\" rel=\"noopener\">https:\/\/portoregion.com\/<\/a><\/p>&#13;\n<p>L&rsquo;organisation responsable du traitement de vos donn\u00e9es personnelles et de la gestion du site web de la Porto Region &#8211; <a href=\"https:\/\/portoregion.com\/fr\/\" target=\"_blank\" rel=\"noopener\">https:\/\/portoregion.com\/<\/a> est AMP &#8211; \u00c1rea Metropolitana do Porto (ci-apr\u00e8s AMP), num\u00e9ro d&rsquo;identification fiscale 502 823 305, dont le si\u00e8ge social se trouve \u00e0 Pal\u00e1cio dos Correios &#8211; Rua do Est\u00eav\u00e3o, 21, 4000 &#8211; 200 Porto.<\/p>&#13;\n<p>AMP respecte la l\u00e9gislation applicable en mati\u00e8re de protection des donn\u00e9es personnelles, notamment le r\u00e8glement g\u00e9n\u00e9ral sur la protection des donn\u00e9es &#8211; RGPD &#8211; approuv\u00e9 par le r\u00e8glement (UE) 2016\/679 du 27 avril 2016.<\/p>&#13;\n<p>Les donn\u00e9es ne sont pas trait\u00e9es \u00e0 d&rsquo;autres fins que celles sp\u00e9cifi\u00e9es ici.<\/p>&#13;\n<p>Nous nous r\u00e9servons le droit de mettre \u00e0 jour ou de modifier cette politique de confidentialit\u00e9 sans pr\u00e9avis afin de l&rsquo;adapter aux changements l\u00e9gislatifs, c&rsquo;est pourquoi nous vous conseillons de la consulter r\u00e9guli\u00e8rement.<\/p>&#13;\n<p>Les utilisateurs sont r\u00e9put\u00e9s avoir pris connaissance de cette politique lorsqu&rsquo;ils naviguent sur le site web : https:\/\/portoregion.com\/<\/p>&#13;\n<p>Sur la base des principes de protection des donn\u00e9es personnelles d\u00e9finis par le GDPR, la R\u00e9gion de Porto s&rsquo;engage \u00e0:<br\/>&#8211; L\u00e9galit\u00e9 : traitement des donn\u00e9es \u00e0 caract\u00e8re personnel \u00e0 des fins sp\u00e9cifiques et sur la base de la l\u00e9galit\u00e9;<br\/>&#8211; Loyaut\u00e9 et transparence : informer les utilisateurs de la politique de confidentialit\u00e9 de la R\u00e9gion de Porto, des donn\u00e9es trait\u00e9es et de leur finalit\u00e9, des p\u00e9riodes de conservation de leurs donn\u00e9es, des tiers qui traitent les donn\u00e9es et de leurs droits en mati\u00e8re de protection de leurs donn\u00e9es;<br\/>&#8211; Limitation des finalit\u00e9s : demander des donn\u00e9es \u00e0 caract\u00e8re personnel uniquement \u00e0 des fins sp\u00e9cifiques, explicites et l\u00e9gitimes;<br\/>&#8211; La minimisation des donn\u00e9es : la collecte et le traitement des seules donn\u00e9es \u00e0 caract\u00e8re personnel ad\u00e9quates, pertinentes et n\u00e9cessaires aux fins concern\u00e9es;<br\/>&#8211; Exactitude : garantir des m\u00e9canismes ad\u00e9quats pour la qualit\u00e9 et l&rsquo;exactitude des donn\u00e9es \u00e0 caract\u00e8re personnel;<br\/>&#8211; Limitation de la conservation : ne pas conserver les donn\u00e9es \u00e0 caract\u00e8re personnel pendant une dur\u00e9e exc\u00e9dant celle n\u00e9cessaire aux finalit\u00e9s pour lesquelles elles sont trait\u00e9es;<br\/>&#8211; Protection des donn\u00e9es: mettre en \u0153uvre des m\u00e9canismes appropri\u00e9s pour garantir la confidentialit\u00e9 et l&rsquo;int\u00e9grit\u00e9 des donn\u00e9es personnelles que nous traitons;<br\/>&#8211; Droits des personnes concern\u00e9es : les personnes concern\u00e9es ont le droit d&rsquo;acc\u00e9der \u00e0 leurs donn\u00e9es, de les rectifier, de retirer un consentement donn\u00e9 ant\u00e9rieurement, de b\u00e9n\u00e9ficier de la portabilit\u00e9 des donn\u00e9es et de d\u00e9poser une plainte aupr\u00e8s de la Commission nationale de protection des donn\u00e9es.<br\/><br\/><strong>Collecte des donn\u00e9es:<\/strong><br\/>En tant qu&rsquo;utilisateur\/visiteur du site web, vous n&rsquo;\u00eates pas tenu de fournir des donn\u00e9es personnelles.<\/p>&#13;\n<p>Collecte directe : Les donn\u00e9es personnelles des utilisateurs sont collect\u00e9es (nom et adresse \u00e9lectronique) uniquement lorsqu&rsquo;une demande d&rsquo;informations de contact est formul\u00e9e, afin qu&rsquo;il soit possible de r\u00e9pondre aux \u00e9claircissements demand\u00e9s.<\/p>&#13;\n<p>Collecte indirecte : Gr\u00e2ce \u00e0 Google Analytics, des informations statistiques sur l&rsquo;utilisation des donn\u00e9es agr\u00e9g\u00e9es sont contr\u00f4l\u00e9es : origine g\u00e9ographique (ville, pays), type d&rsquo;appareil, syst\u00e8me d&rsquo;exploitation, navigateur, op\u00e9rateur et acc\u00e8s. L&rsquo;utilisation de ces donn\u00e9es ne contient pas d&rsquo;informations personnelles identifiables ou priv\u00e9es.<\/p>&#13;\n<p><strong>Stockage des donn\u00e9es:<\/strong><br\/>Toutes les donn\u00e9es relatives \u00e0 ce site web sont stock\u00e9es sur des serveurs situ\u00e9s au Portugal. Ces serveurs sont prot\u00e9g\u00e9s et entretenus selon des normes de s\u00e9curit\u00e9 afin de respecter les lois applicables en mati\u00e8re de protection de la vie priv\u00e9e.<\/p>&#13;\n<p><strong>Liens vers des pages web externes:<\/strong><br\/>Il existe des liens vers des pages web de tiers susceptibles d&rsquo;int\u00e9resser l&rsquo;utilisateur, et ce site web n&rsquo;est pas responsable de la mani\u00e8re dont ces organisations traitent la vie priv\u00e9e et la protection des donn\u00e9es.<\/p>&#13;\n","protected":false},"excerpt":{"rendered":"<p>&#13; Politique de confidentialit\u00e9 &#13; &#13; Cette politique de confidentialit\u00e9 et de protection des donn\u00e9es couvre le site web de la Porto Region &#8211; https:\/\/portoregion.com\/ &#13; L&rsquo;organisation responsable du traitement&#8230;<\/p>\n","protected":false},"author":1,"featured_media":0,"parent":0,"menu_order":0,"comment_status":"closed","ping_status":"closed","template":"","meta":{"inline_featured_image":false,"footnotes":""},"class_list":["post-2489","page","type-page","status-publish"],"_links":{"self":[{"href":"https:\/\/portoregion.com\/fr\/wp-json\/wp\/v2\/pages\/2489","targetHints":{"allow":["GET"]}}],"collection":[{"href":"https:\/\/portoregion.com\/fr\/wp-json\/wp\/v2\/pages"}],"about":[{"href":"https:\/\/portoregion.com\/fr\/wp-json\/wp\/v2\/types\/page"}],"author":[{"embeddable":true,"href":"https:\/\/portoregion.com\/fr\/wp-json\/wp\/v2\/users\/1"}],"replies":[{"embeddable":true,"href":"https:\/\/portoregion.com\/fr\/wp-json\/wp\/v2\/comments?post=2489"}],"version-history":[{"count":5,"href":"https:\/\/portoregion.com\/fr\/wp-json\/wp\/v2\/pages\/2489\/revisions"}],"predecessor-version":[{"id":3010,"href":"https:\/\/portoregion.com\/fr\/wp-json\/wp\/v2\/pages\/2489\/revisions\/3010"}],"wp:attachment":[{"href":"https:\/\/portoregion.com\/fr\/wp-json\/wp\/v2\/media?parent=2489"}],"curies":[{"name":"wp","href":"https:\/\/api.w.org\/{rel}","templated":true}]}}