{"id":2502,"date":"2024-02-01T15:59:47","date_gmt":"2024-02-01T15:59:47","guid":{"rendered":"https:\/\/portoregion.com\/politique-en-matiere-de-cookies\/"},"modified":"2024-02-22T17:51:56","modified_gmt":"2024-02-22T17:51:56","slug":"politique-cookies","status":"publish","type":"page","link":"https:\/\/portoregion.com\/fr\/politique-cookies\/","title":{"rendered":"Politique en mati\u00e8re de cookies"},"content":{"rendered":"&#13;\n<h2 class=\"wp-block-heading\">Politique en mati\u00e8re de cookies<\/h2>&#13;\n&#13;\n<p><strong>Qu&rsquo;est-ce qu&rsquo;un cookie?<\/strong><br\/>Les cookies sont de petits fichiers texte contenant des informations pertinentes qui sont stock\u00e9es sur votre ordinateur lorsque vous visitez certains sites web. Ils permettent une navigation plus rapide et plus efficace lorsqu&rsquo;ils sont utilis\u00e9s ult\u00e9rieurement.<br\/><br\/>Ce site web utilise des cookies avec des fonctions sp\u00e9cifiques pour am\u00e9liorer et contr\u00f4ler l&rsquo;exp\u00e9rience de l&rsquo;utilisateur, et ils peuvent \u00eatre stock\u00e9s jusqu&rsquo;\u00e0 30 jours, selon la fonction \u00e0 laquelle ils sont destin\u00e9s.<br\/>Cookies utilis\u00e9s:<br\/>&#8211; Cookies n\u00e9cessaires;<br\/>&#8211; Cookies analytiques;<\/p>&#13;\n<p>AMP n&rsquo;a aucun contr\u00f4le sur la cr\u00e9ation de cookies utilis\u00e9s par les fournisseurs de contenu qui peuvent \u00eatre ins\u00e9r\u00e9s ou partag\u00e9s sur le site web.<\/p>&#13;\n<p>Vous pouvez bloquer la cr\u00e9ation de cookies via les param\u00e8tres de votre navigateur. Toutefois, si vous bloquez tous les cookies, il se peut que vous ne puissiez pas acc\u00e9der \u00e0 certaines fonctions du site web de la Porto Region.<\/p>&#13;\n<p><strong>Types de cookies et objectifs<\/strong><br\/><strong>a) Cookies n\u00e9cessaires<\/strong><br\/>Les cookies n\u00e9cessaires doivent toujours \u00eatre actifs afin de sauvegarder les pr\u00e9f\u00e9rences de l&rsquo;utilisateur concernant les param\u00e8tres des cookies. Ils contribuent \u00e0 rendre le site web utilisable, en permettant des r\u00e9glages et des fonctions de base dans la navigation des pages et l&rsquo;acc\u00e8s \u00e0 des zones s\u00e9curis\u00e9es.<br\/>Sans ces cookies, le site web peut ne pas fonctionner correctement.<br\/>Si vous d\u00e9sactivez ce cookie, vous ne pourrez pas sauvegarder vos pr\u00e9f\u00e9rences et lorsque vous visiterez \u00e0 nouveau ce site web, vous devrez \u00e0 nouveau activer les cookies.<br\/><br\/><strong>b) Cookies de pr\u00e9f\u00e9rence ou de personnalisation<\/strong><br\/>Il s&rsquo;agit de petits fichiers texte qui sont stock\u00e9s dans le navigateur web de l&rsquo;utilisateur lorsqu&rsquo;il visite un site web particulier. Ces cookies sont utilis\u00e9s pour stocker les pr\u00e9f\u00e9rences et les param\u00e8tres sp\u00e9cifiques de l&rsquo;utilisateur, tels que la langue, la mise en page, la taille de la police, les pr\u00e9f\u00e9rences de th\u00e8me, etc.<br\/><br\/><strong>c) Cookies analytiques<\/strong><br\/>Les cookies analytiques permettent de suivre les exp\u00e9riences des utilisateurs en relation avec l&rsquo;utilisation de donn\u00e9es agr\u00e9g\u00e9es du site web. Elles sont utilis\u00e9es \u00e0 des fins d&rsquo;analyse statistique avec Google Analytics, sans jamais collecter d&rsquo;informations personnelles ou priv\u00e9es.<br\/>Le maintien de ce cookie actif permet d&rsquo;am\u00e9liorer le site web.<br\/><br\/><strong>d) Cookies de publicit\u00e9 comportementale<\/strong><br\/>Utilis\u00e9 pour stocker des informations sur le comportement des utilisateurs obtenues par l&rsquo;observation continue de leurs habitudes de navigation, ce qui permet de d\u00e9velopper un profil sp\u00e9cifique pour montrer de la publicit\u00e9 bas\u00e9e sur ce profil.<br\/><br\/><strong>e) Cookies de s\u00e9curit\u00e9<\/strong><br\/>Cookies con\u00e7us pour prot\u00e9ger les donn\u00e9es de l&rsquo;utilisateur et garantir la s\u00e9curit\u00e9 lors de la navigation sur l&rsquo;internet et de l&rsquo;interaction avec les sites web. Ils jouent un r\u00f4le important dans la pr\u00e9vention des activit\u00e9s malveillantes telles que les attaques par hame\u00e7onnage, l&rsquo;usurpation d&rsquo;identit\u00e9 et l&rsquo;acc\u00e8s non autoris\u00e9 aux comptes en ligne.<br\/><br\/><strong>Services web externes<\/strong><br\/>Le site web de la Porto Region peut utiliser des services web externes pour afficher certains contenus dans le site web, par exemple des images, des vid\u00e9os ou d&rsquo;autres sites web d&rsquo;information touristique. Cependant, AMP n&rsquo;est pas en mesure d&#8217;emp\u00eacher les sites web ou domaines externes de collecter des informations sur l&rsquo;utilisation de ce contenu int\u00e9gr\u00e9.<br\/><br\/><strong>Cookies utilis\u00e9s sur le site de la Porto Region<\/strong><\/p>&#13;\n<table style=\"height: 594px;\" width=\"721\">&#13;\n<tbody>&#13;\n<tr>&#13;\n<td width=\"142\">&#13;\n<p><strong>Nom du cookie<\/strong><\/p>&#13;\n<\/td>&#13;\n<td width=\"242\">&#13;\n<p><strong>Fonctionnalit\u00e9<\/strong><\/p>&#13;\n<\/td>&#13;\n<td width=\"95\">&#13;\n<p><strong>Type<\/strong><\/p>&#13;\n<\/td>&#13;\n<td width=\"89\">&#13;\n<p><strong>La dur\u00e9e<\/strong><\/p>&#13;\n<\/td>&#13;\n<\/tr>&#13;\n<tr>&#13;\n<td width=\"142\">&#13;\n<p style=\"text-align: center;\">PHPSESSID<\/p>&#13;\n<\/td>&#13;\n<td width=\"242\">&#13;\n<p>Contient l&rsquo;identifiant de la session<\/p>&#13;\n<\/td>&#13;\n<td width=\"95\">&#13;\n<p>Essentiel<\/p>&#13;\n<\/td>&#13;\n<td width=\"89\">&#13;\n<p>Lors de la fermeture du navigateur (cookie de session)<\/p>&#13;\n<\/td>&#13;\n<\/tr>&#13;\n<tr>&#13;\n<td width=\"142\">&#13;\n<p style=\"text-align: center;\">consentementCookie<\/p>&#13;\n<\/td>&#13;\n<td width=\"242\">&#13;\n<p>Permet d&rsquo;enregistrer les choix de l&rsquo;utilisateur dans les \u00ab\u00a0param\u00e8tres des cookies\u00a0\u00bb<\/p>&#13;\n<\/td>&#13;\n<td width=\"95\">&#13;\n<p>Essentiel<\/p>&#13;\n<\/td>&#13;\n<td width=\"89\">&#13;\n<p>1 an<\/p>&#13;\n<\/td>&#13;\n<\/tr>&#13;\n<tr>&#13;\n<td width=\"142\">&#13;\n<p style=\"text-align: center;\">_ga<\/p>&#13;\n<p style=\"text-align: center;\">(google analytics)<\/p>&#13;\n<\/td>&#13;\n<td rowspan=\"3\" width=\"242\">&#13;\n<p>Recueillir des informations sur l&rsquo;utilisation du site web. Ces informations sont collect\u00e9es de mani\u00e8re anonyme et sont utilis\u00e9es pour cr\u00e9er des rapports de visite en vue d&rsquo;am\u00e9liorer ses fonctionnalit\u00e9s.<\/p>&#13;\n<\/td>&#13;\n<td width=\"95\">&#13;\n<p>Analytique<\/p>&#13;\n<\/td>&#13;\n<td width=\"89\">&#13;\n<p>2 ans<\/p>&#13;\n<\/td>&#13;\n<\/tr>&#13;\n<tr>&#13;\n<td width=\"142\">&#13;\n<p style=\"text-align: center;\">_gat<\/p>&#13;\n<p style=\"text-align: center;\">(google analytics)<\/p>&#13;\n<\/td>&#13;\n<td width=\"95\">&#13;\n<p>Analytique<\/p>&#13;\n<\/td>&#13;\n<td width=\"89\">&#13;\n<p>1 jour<\/p>&#13;\n<\/td>&#13;\n<\/tr>&#13;\n<tr>&#13;\n<td width=\"142\">&#13;\n<p style=\"text-align: center;\">_gid<\/p>&#13;\n<p style=\"text-align: center;\">(google analytics)<\/p>&#13;\n<\/td>&#13;\n<td width=\"95\">&#13;\n<p>Analytique<\/p>&#13;\n<\/td>&#13;\n<td width=\"89\">&#13;\n<p>24 heures<\/p>&#13;\n<\/td>&#13;\n<\/tr>&#13;\n<\/tbody>&#13;\n<\/table>&#13;\n","protected":false},"excerpt":{"rendered":"<p>&#13; Politique en mati\u00e8re de cookies &#13; &#13; Qu&rsquo;est-ce qu&rsquo;un cookie?Les cookies sont de petits fichiers texte contenant des informations pertinentes qui sont stock\u00e9es sur votre ordinateur lorsque vous visitez&#8230;<\/p>\n","protected":false},"author":1,"featured_media":0,"parent":0,"menu_order":0,"comment_status":"closed","ping_status":"closed","template":"","meta":{"inline_featured_image":false,"footnotes":""},"class_list":["post-2502","page","type-page","status-publish"],"_links":{"self":[{"href":"https:\/\/portoregion.com\/fr\/wp-json\/wp\/v2\/pages\/2502","targetHints":{"allow":["GET"]}}],"collection":[{"href":"https:\/\/portoregion.com\/fr\/wp-json\/wp\/v2\/pages"}],"about":[{"href":"https:\/\/portoregion.com\/fr\/wp-json\/wp\/v2\/types\/page"}],"author":[{"embeddable":true,"href":"https:\/\/portoregion.com\/fr\/wp-json\/wp\/v2\/users\/1"}],"replies":[{"embeddable":true,"href":"https:\/\/portoregion.com\/fr\/wp-json\/wp\/v2\/comments?post=2502"}],"version-history":[{"count":4,"href":"https:\/\/portoregion.com\/fr\/wp-json\/wp\/v2\/pages\/2502\/revisions"}],"predecessor-version":[{"id":3016,"href":"https:\/\/portoregion.com\/fr\/wp-json\/wp\/v2\/pages\/2502\/revisions\/3016"}],"wp:attachment":[{"href":"https:\/\/portoregion.com\/fr\/wp-json\/wp\/v2\/media?parent=2502"}],"curies":[{"name":"wp","href":"https:\/\/api.w.org\/{rel}","templated":true}]}}